{"id":7121,"date":"2022-03-16T11:03:17","date_gmt":"2022-03-16T10:03:17","guid":{"rendered":"http:\/\/develop.naturalscience.careers\/career-resources\/"},"modified":"2024-10-31T08:20:07","modified_gmt":"2024-10-31T07:20:07","slug":"karrierewerkzeuge","status":"publish","type":"page","link":"https:\/\/naturalscience.careers\/de\/karrierewerkzeuge\/","title":{"rendered":"Karrierewerkzeuge"},"content":{"rendered":"\t\t<div data-elementor-type=\"wp-page\" data-elementor-id=\"7121\" class=\"elementor elementor-7121 elementor-1461\" data-elementor-post-type=\"page\">\n\t\t\t\t\t\t<section class=\"elementor-section elementor-top-section elementor-element elementor-element-eef4b5c elementor-section-height-min-height elementor-section-boxed elementor-section-height-default elementor-section-items-middle\" data-id=\"eef4b5c\" data-element_type=\"section\" data-settings=\"{&quot;background_background&quot;:&quot;classic&quot;}\">\n\t\t\t\t\t\t<div class=\"elementor-container elementor-column-gap-default\">\n\t\t\t\t\t<div class=\"elementor-column elementor-col-100 elementor-top-column elementor-element elementor-element-eb83065\" data-id=\"eb83065\" data-element_type=\"column\">\n\t\t\t<div class=\"elementor-widget-wrap\">\n\t\t\t\t\t\t\t<\/div>\n\t\t<\/div>\n\t\t\t\t\t<\/div>\n\t\t<\/section>\n\t\t\t\t<section class=\"elementor-section elementor-top-section elementor-element elementor-element-6fd1c11 elementor-section-boxed elementor-section-height-default elementor-section-height-default\" data-id=\"6fd1c11\" data-element_type=\"section\">\n\t\t\t\t\t\t<div class=\"elementor-container elementor-column-gap-default\">\n\t\t\t\t\t<div class=\"elementor-column elementor-col-66 elementor-top-column elementor-element elementor-element-af5a266\" data-id=\"af5a266\" data-element_type=\"column\" data-settings=\"{&quot;background_background&quot;:&quot;classic&quot;}\">\n\t\t\t<div class=\"elementor-widget-wrap elementor-element-populated\">\n\t\t\t\t\t\t<div class=\"elementor-element elementor-element-d2708f3 elementor-widget elementor-widget-heading\" data-id=\"d2708f3\" data-element_type=\"widget\" data-widget_type=\"heading.default\">\n\t\t\t\t<div class=\"elementor-widget-container\">\n\t\t\t\t\t<h5 class=\"elementor-heading-title elementor-size-default\">Karrierewerkzeuge<\/h5>\t\t\t\t<\/div>\n\t\t\t\t<\/div>\n\t\t\t\t<div class=\"elementor-element elementor-element-18f02dd elementor-widget elementor-widget-text-editor\" data-id=\"18f02dd\" data-element_type=\"widget\" data-widget_type=\"text-editor.default\">\n\t\t\t\t<div class=\"elementor-widget-container\">\n\t\t\t\t\t\t\t\t\t<p>In diesem Abschnitt finden Sie wertvolle Karrierewerkzeuge f\u00fcr Ihre Stellensuche. Wir unterst\u00fctzen Sie dabei, sich selbst zu analysieren (Introspektion), Karrierem\u00f6glichkeiten kennenzulernen und die entscheidenden Phasen f\u00fcr Ihre Jobsuche erfolgreich zu meistern: Bewerbung, Vorstellungsgespr\u00e4ch und Gehaltsverhandlung. Diese Karrierewerkzeuge f\u00fcr Ihre Stellensuche erm\u00f6glichen es Ihnen, einen Job zu finden und zu bekommen, der wirklich zu Ihren Interessen passt.<\/p>\t\t\t\t\t\t\t\t<\/div>\n\t\t\t\t<\/div>\n\t\t\t\t\t<\/div>\n\t\t<\/div>\n\t\t\t\t<div class=\"elementor-column elementor-col-33 elementor-top-column elementor-element elementor-element-dcb14bb elementor-hidden-tablet elementor-hidden-mobile_extra elementor-hidden-mobile\" data-id=\"dcb14bb\" data-element_type=\"column\">\n\t\t\t<div class=\"elementor-widget-wrap\">\n\t\t\t\t\t\t\t<\/div>\n\t\t<\/div>\n\t\t\t\t\t<\/div>\n\t\t<\/section>\n\t\t\t\t<section class=\"elementor-section elementor-top-section elementor-element elementor-element-e20e1e7 elementor-section-boxed elementor-section-height-default elementor-section-height-default\" data-id=\"e20e1e7\" data-element_type=\"section\">\n\t\t\t\t\t\t<div class=\"elementor-container elementor-column-gap-default\">\n\t\t\t\t\t<div class=\"elementor-column elementor-col-100 elementor-top-column elementor-element elementor-element-ab01fbf\" data-id=\"ab01fbf\" data-element_type=\"column\">\n\t\t\t<div class=\"elementor-widget-wrap elementor-element-populated\">\n\t\t\t\t\t\t<div class=\"elementor-element elementor-element-e66e751 elementor-widget elementor-widget-heading\" data-id=\"e66e751\" data-element_type=\"widget\" data-widget_type=\"heading.default\">\n\t\t\t\t<div class=\"elementor-widget-container\">\n\t\t\t\t\t<h1 class=\"elementor-heading-title elementor-size-default\">Die Werkzeugkiste f\u00fcr Ihre Bewerbungsphase<\/h1>\t\t\t\t<\/div>\n\t\t\t\t<\/div>\n\t\t\t\t<div class=\"elementor-element elementor-element-f699705 text-small elementor-widget elementor-widget-text-editor\" data-id=\"f699705\" data-element_type=\"widget\" data-widget_type=\"text-editor.default\">\n\t\t\t\t<div class=\"elementor-widget-container\">\n\t\t\t\t\t\t\t\t\t<p>Die hier zusammengestellten Materialien sind auf die Bed\u00fcrfnisse von Postdocs und Promovierenden aus MINT-F\u00e4chern (insbesondere Natur- und Lebenswissenschaften) zugeschnitten. Sie wollen in der Wissenschaft bleiben oder in die Privatwirtschaft wechseln? In beiden F\u00e4llen sind die Informationen, die Sie hier finden, f\u00fcr Sie wertvoll.<\/p>\t\t\t\t\t\t\t\t<\/div>\n\t\t\t\t<\/div>\n\t\t\t\t\t<\/div>\n\t\t<\/div>\n\t\t\t\t\t<\/div>\n\t\t<\/section>\n\t\t\t\t<section class=\"elementor-section elementor-top-section elementor-element elementor-element-da6dcf5 elementor-section-boxed elementor-section-height-default elementor-section-height-default\" data-id=\"da6dcf5\" data-element_type=\"section\">\n\t\t\t\t\t\t<div class=\"elementor-container elementor-column-gap-default\">\n\t\t\t\t\t<div class=\"elementor-column elementor-col-100 elementor-top-column elementor-element elementor-element-2f4b3e7\" data-id=\"2f4b3e7\" data-element_type=\"column\">\n\t\t\t<div class=\"elementor-widget-wrap elementor-element-populated\">\n\t\t\t\t\t\t<div class=\"elementor-element elementor-element-e88e1e1 elementor-widget elementor-widget-spacer\" data-id=\"e88e1e1\" data-element_type=\"widget\" data-widget_type=\"spacer.default\">\n\t\t\t\t<div class=\"elementor-widget-container\">\n\t\t\t\t\t\t\t<div class=\"elementor-spacer\">\n\t\t\t<div class=\"elementor-spacer-inner\"><\/div>\n\t\t<\/div>\n\t\t\t\t\t\t<\/div>\n\t\t\t\t<\/div>\n\t\t\t\t<div class=\"elementor-element elementor-element-a967b01 text-small elementor-widget elementor-widget-text-editor\" data-id=\"a967b01\" data-element_type=\"widget\" data-widget_type=\"text-editor.default\">\n\t\t\t\t<div class=\"elementor-widget-container\">\n\t\t\t\t\t\t\t\t\t<p><em>M\u00f6chten Sie mehr dar\u00fcber erfahren, wie Sie einen guten Job bekommen k\u00f6nnen? Vielleicht ist einer unserer <a href=\"https:\/\/naturalscience.careers\/de\/workshops-und-vortraege\/\"><strong>Workshops und Vortr\u00e4ge<\/strong><\/a> f\u00fcr Sie interessant? Wir freuen uns, wenn Sie sich mit uns <a href=\"https:\/\/naturalscience.careers\/de\/kontakt\/\"><strong>in Verbindung<\/strong><\/a> setzen, um die M\u00f6glichkeiten f\u00fcr Ihr Forschungsinstitut oder Cluster zu besprechen.<\/em><\/p><p>\u00a0<\/p><p>Weitere gro\u00dfartige Karriereressourcen f\u00fcr Ihre Jobsuche sind <a href=\"http:\/\/naturalscience.careers\/wp-admin\/post.php?post=1480&amp;action=edit\" target=\"_blank\" rel=\"noopener\"><strong>Science Careers<\/strong><\/a>, <a href=\"https:\/\/www.nature.com\/naturecareers\/\" target=\"_blank\" rel=\"noopener\"><strong>Naturejobs<\/strong><\/a> und <a href=\"https:\/\/www.vitae.ac.uk\/\" target=\"_blank\" rel=\"noopener\"><strong>Vitae<\/strong><\/a> \u2013 f\u00fcr den Anfang. Es gibt unz\u00e4hlige Optionen, viele davon finden Sie in den Karriereressourcen oben.<\/p>\t\t\t\t\t\t\t\t<\/div>\n\t\t\t\t<\/div>\n\t\t\t\t\t<\/div>\n\t\t<\/div>\n\t\t\t\t\t<\/div>\n\t\t<\/section>\n\t\t\t\t<\/div>\n\t\t","protected":false},"excerpt":{"rendered":"<p>Karrierewerkzeuge In diesem Abschnitt finden Sie wertvolle Karrierewerkzeuge f\u00fcr Ihre Stellensuche. Wir unterst\u00fctzen Sie dabei, sich selbst zu analysieren (Introspektion), Karrierem\u00f6glichkeiten kennenzulernen und die entscheidenden Phasen f\u00fcr Ihre Jobsuche erfolgreich zu meistern: Bewerbung, Vorstellungsgespr\u00e4ch und Gehaltsverhandlung. Diese Karrierewerkzeuge f\u00fcr Ihre Stellensuche erm\u00f6glichen es Ihnen, einen Job zu finden und zu bekommen, der wirklich zu Ihren [&hellip;]<\/p>\n","protected":false},"author":1,"featured_media":5811,"parent":0,"menu_order":0,"comment_status":"closed","ping_status":"closed","template":"","meta":{"site-sidebar-layout":"no-sidebar","site-content-layout":"page-builder","ast-site-content-layout":"full-width-container","site-content-style":"unboxed","site-sidebar-style":"unboxed","ast-global-header-display":"","ast-banner-title-visibility":"","ast-main-header-display":"","ast-hfb-above-header-display":"","ast-hfb-below-header-display":"","ast-hfb-mobile-header-display":"","site-post-title":"disabled","ast-breadcrumbs-content":"","ast-featured-img":"disabled","footer-sml-layout":"","ast-disable-related-posts":"","theme-transparent-header-meta":"","adv-header-id-meta":"","stick-header-meta":"","header-above-stick-meta":"","header-main-stick-meta":"","header-below-stick-meta":"","astra-migrate-meta-layouts":"set","ast-page-background-enabled":"default","ast-page-background-meta":{"desktop":{"background-color":"var(--ast-global-color-4)","background-image":"","background-repeat":"repeat","background-position":"center center","background-size":"auto","background-attachment":"scroll","background-type":"","background-media":"","overlay-type":"","overlay-color":"","overlay-opacity":"","overlay-gradient":""},"tablet":{"background-color":"","background-image":"","background-repeat":"repeat","background-position":"center center","background-size":"auto","background-attachment":"scroll","background-type":"","background-media":"","overlay-type":"","overlay-color":"","overlay-opacity":"","overlay-gradient":""},"mobile":{"background-color":"","background-image":"","background-repeat":"repeat","background-position":"center center","background-size":"auto","background-attachment":"scroll","background-type":"","background-media":"","overlay-type":"","overlay-color":"","overlay-opacity":"","overlay-gradient":""}},"ast-content-background-meta":{"desktop":{"background-color":"var(--ast-global-color-5)","background-image":"","background-repeat":"repeat","background-position":"center center","background-size":"auto","background-attachment":"scroll","background-type":"","background-media":"","overlay-type":"","overlay-color":"","overlay-opacity":"","overlay-gradient":""},"tablet":{"background-color":"var(--ast-global-color-5)","background-image":"","background-repeat":"repeat","background-position":"center center","background-size":"auto","background-attachment":"scroll","background-type":"","background-media":"","overlay-type":"","overlay-color":"","overlay-opacity":"","overlay-gradient":""},"mobile":{"background-color":"var(--ast-global-color-5)","background-image":"","background-repeat":"repeat","background-position":"center center","background-size":"auto","background-attachment":"scroll","background-type":"","background-media":"","overlay-type":"","overlay-color":"","overlay-opacity":"","overlay-gradient":""}},"footnotes":""},"class_list":["post-7121","page","type-page","status-publish","has-post-thumbnail","hentry"],"yoast_head":"<!-- This site is optimized with the Yoast SEO Premium plugin v27.3 (Yoast SEO v27.3) - https:\/\/yoast.com\/product\/yoast-seo-premium-wordpress\/ -->\n<title>Karrierewerkzeuge f\u00fcr Ihre Stellensuche<\/title>\n<meta name=\"description\" content=\"Karrierewerkzeuge f\u00fcr Ihre Stellensuche: Introspektion, Karrierewege, Bewerbungsunterlagen, Vorstellungsgespr\u00e4ch und Gehaltsverhandlung.\" \/>\n<meta name=\"robots\" content=\"index, follow, max-snippet:-1, max-image-preview:large, max-video-preview:-1\" \/>\n<link rel=\"canonical\" href=\"https:\/\/naturalscience.careers\/de\/karrierewerkzeuge\/\" \/>\n<meta property=\"og:locale\" content=\"de_DE\" \/>\n<meta property=\"og:type\" content=\"article\" \/>\n<meta property=\"og:title\" content=\"Karrierewerkzeuge\" \/>\n<meta property=\"og:description\" content=\"Karrierewerkzeuge f\u00fcr Ihre Stellensuche: Introspektion, Karrierewege, Bewerbungsunterlagen, Vorstellungsgespr\u00e4ch und Gehaltsverhandlung.\" \/>\n<meta property=\"og:url\" content=\"https:\/\/naturalscience.careers\/de\/karrierewerkzeuge\/\" \/>\n<meta property=\"og:site_name\" content=\"NaturalScience.Careers\" \/>\n<meta property=\"article:modified_time\" content=\"2024-10-31T07:20:07+00:00\" \/>\n<meta property=\"og:image\" content=\"https:\/\/naturalscience.careers\/wp-content\/uploads\/2022\/05\/NSC-Teaser-Career.jpg\" \/>\n\t<meta property=\"og:image:width\" content=\"2200\" \/>\n\t<meta property=\"og:image:height\" content=\"600\" \/>\n\t<meta property=\"og:image:type\" content=\"image\/jpeg\" \/>\n<meta name=\"twitter:card\" content=\"summary_large_image\" \/>\n<meta name=\"twitter:label1\" content=\"Gesch\u00e4tzte Lesezeit\" \/>\n\t<meta name=\"twitter:data1\" content=\"3\u00a0Minuten\" \/>\n<script type=\"application\/ld+json\" class=\"yoast-schema-graph\">{\"@context\":\"https:\\\/\\\/schema.org\",\"@graph\":[{\"@type\":\"WebPage\",\"@id\":\"https:\\\/\\\/naturalscience.careers\\\/de\\\/karrierewerkzeuge\\\/\",\"url\":\"https:\\\/\\\/naturalscience.careers\\\/de\\\/karrierewerkzeuge\\\/\",\"name\":\"Karrierewerkzeuge f\u00fcr Ihre Stellensuche\",\"isPartOf\":{\"@id\":\"https:\\\/\\\/naturalscience.careers\\\/#website\"},\"primaryImageOfPage\":{\"@id\":\"https:\\\/\\\/naturalscience.careers\\\/de\\\/karrierewerkzeuge\\\/#primaryimage\"},\"image\":{\"@id\":\"https:\\\/\\\/naturalscience.careers\\\/de\\\/karrierewerkzeuge\\\/#primaryimage\"},\"thumbnailUrl\":\"https:\\\/\\\/naturalscience.careers\\\/wp-content\\\/uploads\\\/2022\\\/05\\\/NSC-Teaser-Career.jpg\",\"datePublished\":\"2022-03-16T10:03:17+00:00\",\"dateModified\":\"2024-10-31T07:20:07+00:00\",\"description\":\"Karrierewerkzeuge f\u00fcr Ihre Stellensuche: Introspektion, Karrierewege, Bewerbungsunterlagen, Vorstellungsgespr\u00e4ch und Gehaltsverhandlung.\",\"breadcrumb\":{\"@id\":\"https:\\\/\\\/naturalscience.careers\\\/de\\\/karrierewerkzeuge\\\/#breadcrumb\"},\"inLanguage\":\"de\",\"potentialAction\":[{\"@type\":\"ReadAction\",\"target\":[\"https:\\\/\\\/naturalscience.careers\\\/de\\\/karrierewerkzeuge\\\/\"]}]},{\"@type\":\"ImageObject\",\"inLanguage\":\"de\",\"@id\":\"https:\\\/\\\/naturalscience.careers\\\/de\\\/karrierewerkzeuge\\\/#primaryimage\",\"url\":\"https:\\\/\\\/naturalscience.careers\\\/wp-content\\\/uploads\\\/2022\\\/05\\\/NSC-Teaser-Career.jpg\",\"contentUrl\":\"https:\\\/\\\/naturalscience.careers\\\/wp-content\\\/uploads\\\/2022\\\/05\\\/NSC-Teaser-Career.jpg\",\"width\":2200,\"height\":600,\"caption\":\"Young students walking through a university\"},{\"@type\":\"BreadcrumbList\",\"@id\":\"https:\\\/\\\/naturalscience.careers\\\/de\\\/karrierewerkzeuge\\\/#breadcrumb\",\"itemListElement\":[{\"@type\":\"ListItem\",\"position\":1,\"name\":\"Startseite\",\"item\":\"https:\\\/\\\/naturalscience.careers\\\/de\\\/\"},{\"@type\":\"ListItem\",\"position\":2,\"name\":\"Karrierewerkzeuge\"}]},{\"@type\":\"WebSite\",\"@id\":\"https:\\\/\\\/naturalscience.careers\\\/#website\",\"url\":\"https:\\\/\\\/naturalscience.careers\\\/\",\"name\":\"NaturalScience.Careers\",\"description\":\"Workshops and talks\",\"publisher\":{\"@id\":\"https:\\\/\\\/naturalscience.careers\\\/#organization\"},\"potentialAction\":[{\"@type\":\"SearchAction\",\"target\":{\"@type\":\"EntryPoint\",\"urlTemplate\":\"https:\\\/\\\/naturalscience.careers\\\/?s={search_term_string}\"},\"query-input\":{\"@type\":\"PropertyValueSpecification\",\"valueRequired\":true,\"valueName\":\"search_term_string\"}}],\"inLanguage\":\"de\"},{\"@type\":[\"Organization\",\"Place\",\"ProfessionalService\"],\"@id\":\"https:\\\/\\\/naturalscience.careers\\\/#organization\",\"name\":\"NaturalScience.Careers\",\"url\":\"https:\\\/\\\/naturalscience.careers\\\/\",\"logo\":{\"@id\":\"https:\\\/\\\/naturalscience.careers\\\/de\\\/karrierewerkzeuge\\\/#local-main-organization-logo\"},\"image\":{\"@id\":\"https:\\\/\\\/naturalscience.careers\\\/de\\\/karrierewerkzeuge\\\/#local-main-organization-logo\"},\"sameAs\":[\"https:\\\/\\\/www.linkedin.com\\\/company\\\/naturalscience-careers\\\/?viewAsMember=true\"],\"description\":\"NaturalScience.Careers offers workshops and talks for scientists. All our trainers and speakers are scientists themselves. We focus on the topics career development, science communication and leadership.\",\"legalName\":\"Naturalscience.Careers VOF\",\"foundingDate\":\"2012-12-03\",\"numberOfEmployees\":{\"@type\":\"QuantitativeValue\",\"minValue\":\"1\",\"maxValue\":\"10\"},\"address\":{\"@id\":\"https:\\\/\\\/naturalscience.careers\\\/de\\\/karrierewerkzeuge\\\/#local-main-place-address\"},\"geo\":{\"@type\":\"GeoCoordinates\",\"latitude\":\"51.97982976312113\",\"longitude\":\"5.857194882134587\"},\"telephone\":[\"0031682454258\"],\"contactPoint\":{\"@type\":\"ContactPoint\",\"email\":\"info@naturalscience.careers\"},\"openingHoursSpecification\":[{\"@type\":\"OpeningHoursSpecification\",\"dayOfWeek\":[\"Monday\",\"Tuesday\",\"Wednesday\",\"Thursday\",\"Friday\",\"Saturday\",\"Sunday\"],\"opens\":\"09:00\",\"closes\":\"17:00\"}],\"email\":\"info@naturalscience.careers\",\"areaServed\":\"World\",\"vatID\":\"NL861636302B01\"},{\"@type\":\"PostalAddress\",\"@id\":\"https:\\\/\\\/naturalscience.careers\\\/de\\\/karrierewerkzeuge\\\/#local-main-place-address\",\"streetAddress\":\"Benedendorpsweg 13\",\"addressLocality\":\"Oosterbeek\",\"postalCode\":\"6862WB\",\"addressCountry\":\"NL\"},{\"@type\":\"ImageObject\",\"inLanguage\":\"de\",\"@id\":\"https:\\\/\\\/naturalscience.careers\\\/de\\\/karrierewerkzeuge\\\/#local-main-organization-logo\",\"url\":\"https:\\\/\\\/naturalscience.careers\\\/wp-content\\\/uploads\\\/2022\\\/02\\\/NaturalScience-Logo.svg\",\"contentUrl\":\"https:\\\/\\\/naturalscience.careers\\\/wp-content\\\/uploads\\\/2022\\\/02\\\/NaturalScience-Logo.svg\",\"caption\":\"NaturalScience.Careers\"}]}<\/script>\n<meta name=\"geo.placename\" content=\"Oosterbeek\" \/>\n<meta name=\"geo.position\" content=\"51.97982976312113;5.857194882134587\" \/>\n<meta name=\"geo.region\" content=\"Niederlande\" \/>\n<!-- \/ Yoast SEO Premium plugin. -->","yoast_head_json":{"title":"Karrierewerkzeuge f\u00fcr Ihre Stellensuche","description":"Karrierewerkzeuge f\u00fcr Ihre Stellensuche: Introspektion, Karrierewege, Bewerbungsunterlagen, Vorstellungsgespr\u00e4ch und Gehaltsverhandlung.","robots":{"index":"index","follow":"follow","max-snippet":"max-snippet:-1","max-image-preview":"max-image-preview:large","max-video-preview":"max-video-preview:-1"},"canonical":"https:\/\/naturalscience.careers\/de\/karrierewerkzeuge\/","og_locale":"de_DE","og_type":"article","og_title":"Karrierewerkzeuge","og_description":"Karrierewerkzeuge f\u00fcr Ihre Stellensuche: Introspektion, Karrierewege, Bewerbungsunterlagen, Vorstellungsgespr\u00e4ch und Gehaltsverhandlung.","og_url":"https:\/\/naturalscience.careers\/de\/karrierewerkzeuge\/","og_site_name":"NaturalScience.Careers","article_modified_time":"2024-10-31T07:20:07+00:00","og_image":[{"width":2200,"height":600,"url":"https:\/\/naturalscience.careers\/wp-content\/uploads\/2022\/05\/NSC-Teaser-Career.jpg","type":"image\/jpeg"}],"twitter_card":"summary_large_image","twitter_misc":{"Gesch\u00e4tzte Lesezeit":"3\u00a0Minuten"},"schema":{"@context":"https:\/\/schema.org","@graph":[{"@type":"WebPage","@id":"https:\/\/naturalscience.careers\/de\/karrierewerkzeuge\/","url":"https:\/\/naturalscience.careers\/de\/karrierewerkzeuge\/","name":"Karrierewerkzeuge f\u00fcr Ihre Stellensuche","isPartOf":{"@id":"https:\/\/naturalscience.careers\/#website"},"primaryImageOfPage":{"@id":"https:\/\/naturalscience.careers\/de\/karrierewerkzeuge\/#primaryimage"},"image":{"@id":"https:\/\/naturalscience.careers\/de\/karrierewerkzeuge\/#primaryimage"},"thumbnailUrl":"https:\/\/naturalscience.careers\/wp-content\/uploads\/2022\/05\/NSC-Teaser-Career.jpg","datePublished":"2022-03-16T10:03:17+00:00","dateModified":"2024-10-31T07:20:07+00:00","description":"Karrierewerkzeuge f\u00fcr Ihre Stellensuche: Introspektion, Karrierewege, Bewerbungsunterlagen, Vorstellungsgespr\u00e4ch und Gehaltsverhandlung.","breadcrumb":{"@id":"https:\/\/naturalscience.careers\/de\/karrierewerkzeuge\/#breadcrumb"},"inLanguage":"de","potentialAction":[{"@type":"ReadAction","target":["https:\/\/naturalscience.careers\/de\/karrierewerkzeuge\/"]}]},{"@type":"ImageObject","inLanguage":"de","@id":"https:\/\/naturalscience.careers\/de\/karrierewerkzeuge\/#primaryimage","url":"https:\/\/naturalscience.careers\/wp-content\/uploads\/2022\/05\/NSC-Teaser-Career.jpg","contentUrl":"https:\/\/naturalscience.careers\/wp-content\/uploads\/2022\/05\/NSC-Teaser-Career.jpg","width":2200,"height":600,"caption":"Young students walking through a university"},{"@type":"BreadcrumbList","@id":"https:\/\/naturalscience.careers\/de\/karrierewerkzeuge\/#breadcrumb","itemListElement":[{"@type":"ListItem","position":1,"name":"Startseite","item":"https:\/\/naturalscience.careers\/de\/"},{"@type":"ListItem","position":2,"name":"Karrierewerkzeuge"}]},{"@type":"WebSite","@id":"https:\/\/naturalscience.careers\/#website","url":"https:\/\/naturalscience.careers\/","name":"NaturalScience.Careers","description":"Workshops and talks","publisher":{"@id":"https:\/\/naturalscience.careers\/#organization"},"potentialAction":[{"@type":"SearchAction","target":{"@type":"EntryPoint","urlTemplate":"https:\/\/naturalscience.careers\/?s={search_term_string}"},"query-input":{"@type":"PropertyValueSpecification","valueRequired":true,"valueName":"search_term_string"}}],"inLanguage":"de"},{"@type":["Organization","Place","ProfessionalService"],"@id":"https:\/\/naturalscience.careers\/#organization","name":"NaturalScience.Careers","url":"https:\/\/naturalscience.careers\/","logo":{"@id":"https:\/\/naturalscience.careers\/de\/karrierewerkzeuge\/#local-main-organization-logo"},"image":{"@id":"https:\/\/naturalscience.careers\/de\/karrierewerkzeuge\/#local-main-organization-logo"},"sameAs":["https:\/\/www.linkedin.com\/company\/naturalscience-careers\/?viewAsMember=true"],"description":"NaturalScience.Careers offers workshops and talks for scientists. All our trainers and speakers are scientists themselves. We focus on the topics career development, science communication and leadership.","legalName":"Naturalscience.Careers VOF","foundingDate":"2012-12-03","numberOfEmployees":{"@type":"QuantitativeValue","minValue":"1","maxValue":"10"},"address":{"@id":"https:\/\/naturalscience.careers\/de\/karrierewerkzeuge\/#local-main-place-address"},"geo":{"@type":"GeoCoordinates","latitude":"51.97982976312113","longitude":"5.857194882134587"},"telephone":["0031682454258"],"contactPoint":{"@type":"ContactPoint","email":"info@naturalscience.careers"},"openingHoursSpecification":[{"@type":"OpeningHoursSpecification","dayOfWeek":["Monday","Tuesday","Wednesday","Thursday","Friday","Saturday","Sunday"],"opens":"09:00","closes":"17:00"}],"email":"info@naturalscience.careers","areaServed":"World","vatID":"NL861636302B01"},{"@type":"PostalAddress","@id":"https:\/\/naturalscience.careers\/de\/karrierewerkzeuge\/#local-main-place-address","streetAddress":"Benedendorpsweg 13","addressLocality":"Oosterbeek","postalCode":"6862WB","addressCountry":"NL"},{"@type":"ImageObject","inLanguage":"de","@id":"https:\/\/naturalscience.careers\/de\/karrierewerkzeuge\/#local-main-organization-logo","url":"https:\/\/naturalscience.careers\/wp-content\/uploads\/2022\/02\/NaturalScience-Logo.svg","contentUrl":"https:\/\/naturalscience.careers\/wp-content\/uploads\/2022\/02\/NaturalScience-Logo.svg","caption":"NaturalScience.Careers"}]},"geo.placename":"Oosterbeek","geo.position":{"lat":"51.97982976312113","long":"5.857194882134587"},"geo.region":"Niederlande"},"_links":{"self":[{"href":"https:\/\/naturalscience.careers\/de\/wp-json\/wp\/v2\/pages\/7121","targetHints":{"allow":["GET"]}}],"collection":[{"href":"https:\/\/naturalscience.careers\/de\/wp-json\/wp\/v2\/pages"}],"about":[{"href":"https:\/\/naturalscience.careers\/de\/wp-json\/wp\/v2\/types\/page"}],"author":[{"embeddable":true,"href":"https:\/\/naturalscience.careers\/de\/wp-json\/wp\/v2\/users\/1"}],"replies":[{"embeddable":true,"href":"https:\/\/naturalscience.careers\/de\/wp-json\/wp\/v2\/comments?post=7121"}],"version-history":[{"count":0,"href":"https:\/\/naturalscience.careers\/de\/wp-json\/wp\/v2\/pages\/7121\/revisions"}],"wp:featuredmedia":[{"embeddable":true,"href":"https:\/\/naturalscience.careers\/de\/wp-json\/wp\/v2\/media\/5811"}],"wp:attachment":[{"href":"https:\/\/naturalscience.careers\/de\/wp-json\/wp\/v2\/media?parent=7121"}],"curies":[{"name":"wp","href":"https:\/\/api.w.org\/{rel}","templated":true}]}}